{"id":7,"date":"2020-11-22T13:00:39","date_gmt":"2020-11-22T13:00:39","guid":{"rendered":"https:\/\/bricksforkids.de\/cms\/?page_id=7"},"modified":"2023-11-29T19:13:02","modified_gmt":"2023-11-29T18:13:02","slug":"ueber-uns","status":"publish","type":"page","link":"https:\/\/bricksforkids.de\/cms\/ueber-uns\/","title":{"rendered":"\u00dcber die Aktion"},"content":{"rendered":"<p>Bitte beachtet unsere Regeln (das Kleingedruckte): \ud83d\ude05<\/p>\n<p>Dies hier ist eine reine private Veranstaltung. Es besteht kein gesch\u00e4ftliches Interesse. Alle Sets, auch die gespendeten wurden privat erworben. Im Grunde verschenken wir die Sets gegen eine Spende an den Bremer Verein Trauerland e.V.<\/p>\n<p>Wir gestalten das ganze als Auktion, damit wir ein bisschen mehr Geld einnehmen k\u00f6nnen. Das Geld geht 1:1 abz\u00fcglich der Versandkosten an Trauerland e.v.<\/p>\n<p>Wir zeigen die Sets in diesem Stream und es kann dann per Chat ein &#8222;Spendenangebot&#8220; abgegeben werden. Wer den Zuschlag erh\u00e4lt, muss innerhalb von maximal 10 Minuten auf das Paypal-Konto den Spendenbetrag &#8222;\u00fcberweisen&#8220;.<\/p>\n<p>Das Konto: <a href=\"https:\/\/www.paypal.me\/trauerland\">https:\/\/www.paypal.me\/trauerland<\/a> Bitte ausschlie\u00dflich als &#8222;An Freunde und Familie&#8220; senden. Bitte keinen Haken bei &#8222;Sie zahlen f\u00fcr Waren oder Dienstleistungen&#8220; setzen. Sollte auf diese Weise Geld eingehen, sehen wir das als ung\u00fcltiges Gebot an und erstatten zur\u00fcck. PayPal K\u00e4uferschutz gilt nicht, wir sind Privatleute.<\/p>\n<p><span style=\"font-size: revert;\">In der optionalen Mitteilung dann bitte den Youtube-Namen und die Postadresse angeben.<\/span><\/p>\n<p>Die Sets werden &#8211; wie oben beschrieben &#8211; gegen eine Spende verschenkt. Daher leisten wir keine Garantie und\/oder Gew\u00e4hrleistung. Die Sets bekommt ihr so wie sie sind. Umtausch und R\u00fcckgabe sind ausgeschlossen. Ebenso der Rechtsweg.<\/p>\n<p>Der Versand der Geschenke an die Spender erfolgt nach maximal sieben Tagen.<\/p>\n<p>Wir behalten uns auch vor, Gebote abzulehnen. Ausschlie\u00dflich wir entscheiden, wer ein bestimmtes Set geschenkt bekommt. Solltet ihr dennoch vorhaben, einen hohen Betrag f\u00fcr ein bestimmtes Set spenden zu wollen, dann nehmt bitte mit uns vorher per Mail Kontakt auf. <a href=\"mailto:mcreim@gmail.com\">mcreim@gmail.com<\/a><br \/>\nSollten hohe Gebote ohne Ank\u00fcndigung eingehen, behalten wir uns vor, diese abzulehnen.<\/p>\n<p>Bitte nehmt nur teil, wenn ihr mit diesen Regeln einverstanden seid.<\/p>\n<p>Bremen\/Stuttgart 2020 \u2013 Kurz vor Weihnachten<\/p>\n<p>Langsam f\u00fcllen sich die Einkaufsstra\u00dfen wieder mit Menschen auf der Suche nach ersten Weihnachtsgeschenken. Auch online wird \u2013 vor allem im Corona-Jahr 2020 \u2013 nach den besten Geschenken gest\u00f6bert. Lego geh\u00f6rt dabei zu den absoluten Dauerbrennern.<\/p>\n<p>Der Markt w\u00e4chst und so hat das kreative Spielzeug aus D\u00e4nemark seit einigen Jahren starke Konkurrenz durch alternative Klemmbausteine und Modelle bekommen, die zumeist kompatibel mit dem Original sind. Seit mehreren Generationen begeistern Klemmbausteine dabei vor allem Kinder.<\/p>\n<p>Doch nicht alle Kinderaugen leuchten zu Weihnachten. Manche Kinder m\u00fcssen dieses Weihnachtsfest ohne einen geliebten Menschen verbringen. Jemand fehlt. Der Verein <a href=\"http:\/\/www.trauerland.org\">Trauerland e.V.<\/a> hilft trauernden Kindern und Jugendlichen neuen Mut zu fassen. Kinder trauern anders als Erwachsene und erhalten bei Trauerland den Raum, um ihren ganz eigenen Trauerweg zu finden.<\/p>\n<p>Den Verein <a href=\"https:\/\/www.trauerland.org\/\">Trauerland e.V.<\/a> gibt es seit \u00fcber 20 Jahren in <strong>Bremen<\/strong>. Mit Botschaftern wie <a href=\"https:\/\/de.wikipedia.org\/wiki\/Thomas_Schaaf\">Thomas Schaaf<\/a>, <a href=\"https:\/\/de.wikipedia.org\/wiki\/Sabine_Postel\">Sabine Postel<\/a>, <a href=\"https:\/\/www.williweitzel.com\/\">Willi Weitzel<\/a> und <a href=\"https:\/\/www.radiobremen.de\/bremeneins\/team\/moderation\/jens-uwe-krause106.html\">Jens-Uwe Krause<\/a> will man auf die Thematik trauernder Kinder und Jungendlicher aufmerksam machen.<\/p>\n<p>Die Lego- und Klemmbaustein-Community m\u00f6chte auch dieses Jahr den Verein <a href=\"https:\/\/www.trauerland.org\/\">Trauerland e.V.<\/a> mit einem so genannten Spenden-Livestream unterst\u00fctzen.<\/p>\n<p>Initiiert von <a href=\"https:\/\/www.youtube.com\/user\/MCReim\">Michael Reimann<\/a>, dessen<a href=\"https:\/\/www.youtube.com\/user\/MCReim\"> Youtube-Kanal<\/a> sich mit dem Zusammenbauen von Lego- und alternativen Sets besch\u00e4ftigt und der bereits eine kleine bundesweite Gemeinschaft von Freunden um sich gesammelt hat, soll m\u00f6glichst viel Geld f\u00fcr den Verein gesammelt werden.<\/p>\n<p>F\u00fcr diesen Zweck haben der Initiator und viele weitere Kan\u00e4le Sets zusammengetragen, die im Stream versteigert werden sollen. Darunter auch einige sehr seltene, nicht oder noch nie erh\u00e4ltliche. Das auf diese Weise gesammelte Geld kommt der Vereinsarbeit von <a href=\"https:\/\/www.trauerland.org\/\">Trauerland e.V<\/a>. zu Gute.<\/p>\n<p>In den letzten drei Jahren haben wir bereits dank eurer Hilfe 38.000 Euro f\u00fcr Trauerland gesammelt.<\/p>\n<p>Der gespendete Betrag geht 1:1 an <a href=\"https:\/\/www.trauerland.org\/\">Trauerland e.V. <\/a><\/p>\n<p>Nat\u00fcrlich kann auch w\u00e4hrend und vor dem Spenden-Livestreams \u201eeinfach so\u201c gespendet werden.<\/p>\n<p>Jeder Euro ist willkommen und hilft trauernden Kindern.<\/p>\n","protected":false},"excerpt":{"rendered":"<p>Bitte beachtet unsere Regeln (das Kleingedruckte): \ud83d\ude05 Dies hier ist eine reine private Veranstaltung. Es besteht kein gesch\u00e4ftliches Interesse. Alle Sets, auch die gespendeten wurden privat erworben. Im Grunde verschenken wir die Sets gegen eine Spende an den Bremer Verein Trauerland e.V. Wir gestalten das ganze als Auktion, damit wir ein bisschen mehr Geld einnehmen [&hellip;]<\/p>\n","protected":false},"author":2,"featured_media":0,"parent":0,"menu_order":0,"comment_status":"closed","ping_status":"closed","template":"","meta":{"_uag_custom_page_level_css":"","footnotes":""},"class_list":["post-7","page","type-page","status-publish","hentry"],"uagb_featured_image_src":{"full":false,"thumbnail":false,"medium":false,"medium_large":false,"large":false,"1536x1536":false,"2048x2048":false,"post-thumbnail":false,"twentytwenty-fullscreen":false},"uagb_author_info":{"display_name":"BloxxStar","author_link":"https:\/\/bricksforkids.de\/cms\/author\/admin\/"},"uagb_comment_info":0,"uagb_excerpt":"Bitte beachtet unsere Regeln (das Kleingedruckte): \ud83d\ude05 Dies hier ist eine reine private Veranstaltung. Es besteht kein gesch\u00e4ftliches Interesse. Alle Sets, auch die gespendeten wurden privat erworben. Im Grunde verschenken wir die Sets gegen eine Spende an den Bremer Verein Trauerland e.V. Wir gestalten das ganze als Auktion, damit wir ein bisschen mehr Geld einnehmen&hellip;","_links":{"self":[{"href":"https:\/\/bricksforkids.de\/cms\/wp-json\/wp\/v2\/pages\/7","targetHints":{"allow":["GET"]}}],"collection":[{"href":"https:\/\/bricksforkids.de\/cms\/wp-json\/wp\/v2\/pages"}],"about":[{"href":"https:\/\/bricksforkids.de\/cms\/wp-json\/wp\/v2\/types\/page"}],"author":[{"embeddable":true,"href":"https:\/\/bricksforkids.de\/cms\/wp-json\/wp\/v2\/users\/2"}],"replies":[{"embeddable":true,"href":"https:\/\/bricksforkids.de\/cms\/wp-json\/wp\/v2\/comments?post=7"}],"version-history":[{"count":16,"href":"https:\/\/bricksforkids.de\/cms\/wp-json\/wp\/v2\/pages\/7\/revisions"}],"predecessor-version":[{"id":207,"href":"https:\/\/bricksforkids.de\/cms\/wp-json\/wp\/v2\/pages\/7\/revisions\/207"}],"wp:attachment":[{"href":"https:\/\/bricksforkids.de\/cms\/wp-json\/wp\/v2\/media?parent=7"}],"curies":[{"name":"wp","href":"https:\/\/api.w.org\/{rel}","templated":true}]}}