{"id":60,"date":"2020-11-22T16:14:52","date_gmt":"2020-11-22T15:14:52","guid":{"rendered":"https:\/\/bricksforkids.de\/cms\/?page_id=60"},"modified":"2025-12-07T01:21:00","modified_gmt":"2025-12-07T00:21:00","slug":"willkommen-bei-einem-guten-zweck","status":"publish","type":"page","link":"https:\/\/bricksforkids.de\/cms\/","title":{"rendered":"Willkommen bei einem guten Zweck!"},"content":{"rendered":"\n<p class=\"has-text-align-center\"><\/p>\n\n\n\n<blockquote class=\"wp-block-quote is-layout-flow wp-block-quote-is-layout-flow\">\n<p class=\"has-text-align-center\"><em><strong>Auch dieses Jahr hei\u00dft es wieder BricksForKids!<\/strong><\/em><\/p>\n\n\n\n<p class=\"has-text-align-center\"><strong>ESTABLISHED SINCE 2020<\/strong><\/p>\n<\/blockquote>\n\n\n\n<p class=\"has-text-align-center\"><strong>07.12.2025 &#8211; 14:00 Uhr <\/strong><\/p>\n\n\n\n<figure class=\"wp-block-embed is-type-video is-provider-youtube wp-block-embed-youtube wp-embed-aspect-4-3 wp-has-aspect-ratio\"><div class=\"wp-block-embed__wrapper\">\n<iframe loading=\"lazy\" title=\"Bricks For Kids 2025 - Unser Charity-Stream f\u00fcr Trauerland e.V.\" width=\"580\" height=\"435\" src=\"https:\/\/www.youtube.com\/embed\/AavfxsS4vTs?feature=oembed\" frameborder=\"0\" allow=\"accelerometer; autoplay; clipboard-write; encrypted-media; gyroscope; picture-in-picture; web-share\" referrerpolicy=\"strict-origin-when-cross-origin\" allowfullscreen><\/iframe>\n<\/div><\/figure>\n\n\n\n<blockquote class=\"wp-block-quote is-layout-flow wp-block-quote-is-layout-flow\">\n<h4 class=\"wp-block-heading\"><span style=\"color: #000000;\"><a style=\"color: #000000;\" href=\"https:\/\/www.youtube.com\/user\/MCReim\">www.youtube.com\/user\/MCReim<\/a><\/span><\/h4>\n<\/blockquote>\n\n\n\n<figure class=\"wp-block-gallery has-nested-images columns-3 is-cropped wp-block-gallery-1 is-layout-flex wp-block-gallery-is-layout-flex\">\n<figure class=\"wp-block-image size-large\"><img loading=\"lazy\" decoding=\"async\" width=\"545\" height=\"542\" data-id=\"72\" src=\"https:\/\/bricksforkids.de\/cms\/wp-content\/uploads\/2020\/11\/michi.png\" alt=\"&quot;Steinfluencer&quot;\" class=\"wp-image-72\" srcset=\"https:\/\/bricksforkids.de\/cms\/wp-content\/uploads\/2020\/11\/michi.png 545w, https:\/\/bricksforkids.de\/cms\/wp-content\/uploads\/2020\/11\/michi-300x298.png 300w, https:\/\/bricksforkids.de\/cms\/wp-content\/uploads\/2020\/11\/michi-150x150.png 150w\" sizes=\"auto, (max-width: 545px) 100vw, 545px\" \/><\/figure>\n\n\n\n<figure class=\"wp-block-image size-large\"><img loading=\"lazy\" decoding=\"async\" width=\"524\" height=\"526\" data-id=\"70\" src=\"https:\/\/bricksforkids.de\/cms\/wp-content\/uploads\/2020\/11\/hedda.png\" alt=\"&quot;Klemmbausteinlady&quot;\" class=\"wp-image-70\" srcset=\"https:\/\/bricksforkids.de\/cms\/wp-content\/uploads\/2020\/11\/hedda.png 524w, https:\/\/bricksforkids.de\/cms\/wp-content\/uploads\/2020\/11\/hedda-300x300.png 300w, https:\/\/bricksforkids.de\/cms\/wp-content\/uploads\/2020\/11\/hedda-150x150.png 150w\" sizes=\"auto, (max-width: 524px) 100vw, 524px\" \/><\/figure>\n\n\n\n<figure class=\"wp-block-image size-large\"><img loading=\"lazy\" decoding=\"async\" width=\"547\" height=\"547\" data-id=\"71\" src=\"https:\/\/bricksforkids.de\/cms\/wp-content\/uploads\/2020\/11\/joern.png\" alt=\"&quot;BloxxStar&quot;\" class=\"wp-image-71\" srcset=\"https:\/\/bricksforkids.de\/cms\/wp-content\/uploads\/2020\/11\/joern.png 547w, https:\/\/bricksforkids.de\/cms\/wp-content\/uploads\/2020\/11\/joern-300x300.png 300w, https:\/\/bricksforkids.de\/cms\/wp-content\/uploads\/2020\/11\/joern-150x150.png 150w\" sizes=\"auto, (max-width: 547px) 100vw, 547px\" \/><\/figure>\n<\/figure>\n\n\n\n<p><\/p>\n\n\n\n<h3 class=\"wp-block-heading has-text-align-center\">Liste der Sets f\u00fcr 2025<\/h3>\n\n\n\n<figure class=\"wp-block-image size-large\"><img loading=\"lazy\" decoding=\"async\" width=\"1024\" height=\"637\" src=\"https:\/\/bricksforkids.de\/cms\/wp-content\/uploads\/2025\/12\/2F378710-123E-4B08-B813-C41C2E4026A9-1024x637.jpeg\" alt=\"BfK Sets 2025\" class=\"wp-image-242\" srcset=\"https:\/\/bricksforkids.de\/cms\/wp-content\/uploads\/2025\/12\/2F378710-123E-4B08-B813-C41C2E4026A9-1024x637.jpeg 1024w, https:\/\/bricksforkids.de\/cms\/wp-content\/uploads\/2025\/12\/2F378710-123E-4B08-B813-C41C2E4026A9-300x187.jpeg 300w, https:\/\/bricksforkids.de\/cms\/wp-content\/uploads\/2025\/12\/2F378710-123E-4B08-B813-C41C2E4026A9-768x478.jpeg 768w, https:\/\/bricksforkids.de\/cms\/wp-content\/uploads\/2025\/12\/2F378710-123E-4B08-B813-C41C2E4026A9-1536x956.jpeg 1536w, https:\/\/bricksforkids.de\/cms\/wp-content\/uploads\/2025\/12\/2F378710-123E-4B08-B813-C41C2E4026A9-1200x747.jpeg 1200w, https:\/\/bricksforkids.de\/cms\/wp-content\/uploads\/2025\/12\/2F378710-123E-4B08-B813-C41C2E4026A9.jpeg 1674w\" sizes=\"auto, (max-width: 1024px) 100vw, 1024px\" \/><\/figure>\n\n\n\n<p class=\"has-text-align-center\"><br>Wir w\u00fcnschen Euch viel Spa\u00df beim &#8222;verspenden&#8220;!<\/p>\n\n\n\n<p>&nbsp;<\/p>\n\n\n\n<div class=\"wp-block-uagb-social-share uagb-social-share__outer-wrap uagb-social-share__layout-horizontal uagb-block-687a1732\">\n<div class=\"wp-block-uagb-social-share-child uagb-ss-repeater uagb-ss__wrapper uagb-block-2d10dd59\"><span class=\"uagb-ss__link\" data-href=\"https:\/\/www.facebook.com\/sharer.php?u=\" tabindex=\"0\" role=\"button\" aria-label=\"facebook\"><span class=\"uagb-ss__source-wrap\"><span class=\"uagb-ss__source-icon\"><svg xmlns=\"https:\/\/www.w3.org\/2000\/svg\" viewBox=\"0 0 512 512\"><path d=\"M504 256C504 119 393 8 256 8S8 119 8 256c0 123.8 90.69 226.4 209.3 245V327.7h-63V256h63v-54.64c0-62.15 37-96.48 93.67-96.48 27.14 0 55.52 4.84 55.52 4.84v61h-31.28c-30.8 0-40.41 19.12-40.41 38.73V256h68.78l-11 71.69h-57.78V501C413.3 482.4 504 379.8 504 256z\"><\/path><\/svg><\/span><\/span><\/span><\/div>\n\n\n\n<div class=\"wp-block-uagb-social-share-child uagb-ss-repeater uagb-ss__wrapper uagb-block-9d31494c\"><span class=\"uagb-ss__link\" data-href=\"https:\/\/twitter.com\/share?url=\" tabindex=\"0\" role=\"button\" aria-label=\"twitter\"><span class=\"uagb-ss__source-wrap\"><span class=\"uagb-ss__source-icon\"><svg xmlns=\"https:\/\/www.w3.org\/2000\/svg\" viewBox=\"0 0 448 512\"><path d=\"M400 32H48C21.5 32 0 53.5 0 80v352c0 26.5 21.5 48 48 48h352c26.5 0 48-21.5 48-48V80c0-26.5-21.5-48-48-48zm-48.9 158.8c.2 2.8 .2 5.7 .2 8.5 0 86.7-66 186.6-186.6 186.6-37.2 0-71.7-10.8-100.7-29.4 5.3 .6 10.4 .8 15.8 .8 30.7 0 58.9-10.4 81.4-28-28.8-.6-53-19.5-61.3-45.5 10.1 1.5 19.2 1.5 29.6-1.2-30-6.1-52.5-32.5-52.5-64.4v-.8c8.7 4.9 18.9 7.9 29.6 8.3a65.45 65.45 0 0 1 -29.2-54.6c0-12.2 3.2-23.4 8.9-33.1 32.3 39.8 80.8 65.8 135.2 68.6-9.3-44.5 24-80.6 64-80.6 18.9 0 35.9 7.9 47.9 20.7 14.8-2.8 29-8.3 41.6-15.8-4.9 15.2-15.2 28-28.8 36.1 13.2-1.4 26-5.1 37.8-10.2-8.9 13.1-20.1 24.7-32.9 34z\"><\/path><\/svg><\/span><\/span><\/span><\/div>\n\n\n\n<div class=\"wp-block-uagb-social-share-child uagb-ss-repeater uagb-ss__wrapper uagb-block-eeb93b09\"><span class=\"uagb-ss__link\" data-href=\"https:\/\/pinterest.com\/pin\/create\/link\/?url=\" tabindex=\"0\" role=\"button\" aria-label=\"pinterest\"><span class=\"uagb-ss__source-wrap\"><span class=\"uagb-ss__source-icon\"><svg xmlns=\"https:\/\/www.w3.org\/2000\/svg\" viewBox=\"0 0 448 512\"><path d=\"M448 80v352c0 26.5-21.5 48-48 48H154.4c9.8-16.4 22.4-40 27.4-59.3 3-11.5 15.3-58.4 15.3-58.4 8 15.3 31.4 28.2 56.3 28.2 74.1 0 127.4-68.1 127.4-152.7 0-81.1-66.2-141.8-151.4-141.8-106 0-162.2 71.1-162.2 148.6 0 36 19.2 80.8 49.8 95.1 4.7 2.2 7.1 1.2 8.2-3.3 .8-3.4 5-20.1 6.8-27.8 .6-2.5 .3-4.6-1.7-7-10.1-12.3-18.3-34.9-18.3-56 0-54.2 41-106.6 110.9-106.6 60.3 0 102.6 41.1 102.6 99.9 0 66.4-33.5 112.4-77.2 112.4-24.1 0-42.1-19.9-36.4-44.4 6.9-29.2 20.3-60.7 20.3-81.8 0-53-75.5-45.7-75.5 25 0 21.7 7.3 36.5 7.3 36.5-31.4 132.8-36.1 134.5-29.6 192.6l2.2 .8H48c-26.5 0-48-21.5-48-48V80c0-26.5 21.5-48 48-48h352c26.5 0 48 21.5 48 48z\"><\/path><\/svg><\/span><\/span><\/span><\/div>\n\n\n\n<div class=\"wp-block-uagb-social-share-child uagb-ss-repeater uagb-ss__wrapper uagb-block-adf18ef3\"><span class=\"uagb-ss__link\" data-href=\"https:\/\/www.linkedin.com\/shareArticle?url=\" tabindex=\"0\" role=\"button\" aria-label=\"linkedin\"><span class=\"uagb-ss__source-wrap\"><span class=\"uagb-ss__source-icon\"><svg xmlns=\"https:\/\/www.w3.org\/2000\/svg\" viewBox=\"0 0 448 512\"><path d=\"M416 32H31.9C14.3 32 0 46.5 0 64.3v383.4C0 465.5 14.3 480 31.9 480H416c17.6 0 32-14.5 32-32.3V64.3c0-17.8-14.4-32.3-32-32.3zM135.4 416H69V202.2h66.5V416zm-33.2-243c-21.3 0-38.5-17.3-38.5-38.5S80.9 96 102.2 96c21.2 0 38.5 17.3 38.5 38.5 0 21.3-17.2 38.5-38.5 38.5zm282.1 243h-66.4V312c0-24.8-.5-56.7-34.5-56.7-34.6 0-39.9 27-39.9 54.9V416h-66.4V202.2h63.7v29.2h.9c8.9-16.8 30.6-34.5 62.9-34.5 67.2 0 79.7 44.3 79.7 101.9V416z\"><\/path><\/svg><\/span><\/span><\/span><\/div>\n<\/div>\n\n\n\n<p>Dies ist nur eine kleine \u00dcbersicht. Wir erg\u00e4nzen noch und ein paar \u00dcberraschungen soll es ja auch noch geben. Wir freuen uns auf euch. \ud83e\udd70 Danke auch an alle, die Sets gespendet haben. \ud83e\udef6\ud83c\udffc<\/p>\n","protected":false},"excerpt":{"rendered":"<p>Auch dieses Jahr hei\u00dft es wieder BricksForKids! ESTABLISHED SINCE 2020 07.12.2025 &#8211; 14:00 Uhr www.youtube.com\/user\/MCReim Liste der Sets f\u00fcr 2025 Wir w\u00fcnschen Euch viel Spa\u00df beim &#8222;verspenden&#8220;! &nbsp; Dies ist nur eine kleine \u00dcbersicht. Wir erg\u00e4nzen noch und ein paar \u00dcberraschungen soll es ja auch noch geben. Wir freuen uns auf euch. \ud83e\udd70 Danke auch [&hellip;]<\/p>\n","protected":false},"author":2,"featured_media":31,"parent":0,"menu_order":0,"comment_status":"closed","ping_status":"closed","template":"templates\/template-full-width.php","meta":{"_uag_custom_page_level_css":"","footnotes":""},"class_list":["post-60","page","type-page","status-publish","has-post-thumbnail","hentry"],"uagb_featured_image_src":{"full":["https:\/\/bricksforkids.de\/cms\/wp-content\/uploads\/2020\/11\/bfk0612_5.png",1280,720,false],"thumbnail":["https:\/\/bricksforkids.de\/cms\/wp-content\/uploads\/2020\/11\/bfk0612_5-150x150.png",150,150,true],"medium":["https:\/\/bricksforkids.de\/cms\/wp-content\/uploads\/2020\/11\/bfk0612_5-300x169.png",300,169,true],"medium_large":["https:\/\/bricksforkids.de\/cms\/wp-content\/uploads\/2020\/11\/bfk0612_5-768x432.png",580,326,true],"large":["https:\/\/bricksforkids.de\/cms\/wp-content\/uploads\/2020\/11\/bfk0612_5-1024x576.png",580,326,true],"1536x1536":["https:\/\/bricksforkids.de\/cms\/wp-content\/uploads\/2020\/11\/bfk0612_5.png",1280,720,false],"2048x2048":["https:\/\/bricksforkids.de\/cms\/wp-content\/uploads\/2020\/11\/bfk0612_5.png",1280,720,false],"post-thumbnail":["https:\/\/bricksforkids.de\/cms\/wp-content\/uploads\/2020\/11\/bfk0612_5-1200x675.png",1200,675,true],"twentytwenty-fullscreen":["https:\/\/bricksforkids.de\/cms\/wp-content\/uploads\/2020\/11\/bfk0612_5.png",1280,720,false]},"uagb_author_info":{"display_name":"BloxxStar","author_link":"https:\/\/bricksforkids.de\/cms\/author\/admin\/"},"uagb_comment_info":0,"uagb_excerpt":"Auch dieses Jahr hei\u00dft es wieder BricksForKids! ESTABLISHED SINCE 2020 07.12.2025 &#8211; 14:00 Uhr www.youtube.com\/user\/MCReim Liste der Sets f\u00fcr 2025 Wir w\u00fcnschen Euch viel Spa\u00df beim &#8222;verspenden&#8220;! &nbsp; Dies ist nur eine kleine \u00dcbersicht. Wir erg\u00e4nzen noch und ein paar \u00dcberraschungen soll es ja auch noch geben. Wir freuen uns auf euch. \ud83e\udd70 Danke auch&hellip;","_links":{"self":[{"href":"https:\/\/bricksforkids.de\/cms\/wp-json\/wp\/v2\/pages\/60","targetHints":{"allow":["GET"]}}],"collection":[{"href":"https:\/\/bricksforkids.de\/cms\/wp-json\/wp\/v2\/pages"}],"about":[{"href":"https:\/\/bricksforkids.de\/cms\/wp-json\/wp\/v2\/types\/page"}],"author":[{"embeddable":true,"href":"https:\/\/bricksforkids.de\/cms\/wp-json\/wp\/v2\/users\/2"}],"replies":[{"embeddable":true,"href":"https:\/\/bricksforkids.de\/cms\/wp-json\/wp\/v2\/comments?post=60"}],"version-history":[{"count":84,"href":"https:\/\/bricksforkids.de\/cms\/wp-json\/wp\/v2\/pages\/60\/revisions"}],"predecessor-version":[{"id":244,"href":"https:\/\/bricksforkids.de\/cms\/wp-json\/wp\/v2\/pages\/60\/revisions\/244"}],"wp:featuredmedia":[{"embeddable":true,"href":"https:\/\/bricksforkids.de\/cms\/wp-json\/wp\/v2\/media\/31"}],"wp:attachment":[{"href":"https:\/\/bricksforkids.de\/cms\/wp-json\/wp\/v2\/media?parent=60"}],"curies":[{"name":"wp","href":"https:\/\/api.w.org\/{rel}","templated":true}]}}